{"id":84,"date":"2019-07-14T05:59:20","date_gmt":"2019-07-14T05:59:20","guid":{"rendered":"https:\/\/demo.ait.hosting\/dog\/?page_id=84"},"modified":"2024-04-23T19:00:55","modified_gmt":"2024-04-23T17:00:55","slug":"equipe","status":"publish","type":"page","link":"https:\/\/dog-motivation.ch\/?page_id=84","title":{"rendered":"Equipe"},"content":{"rendered":"\t\t<div data-elementor-type=\"wp-post\" data-elementor-id=\"84\" class=\"elementor elementor-84\" data-elementor-settings=\"{&quot;ha_cmc_init_switcher&quot;:&quot;no&quot;}\">\n\t\t\t\t\t\t<section class=\"has_eae_slider elementor-section elementor-top-section elementor-element elementor-element-392dcd74 elementor-section-height-min-height elementor-section-boxed elementor-section-height-default elementor-section-items-middle\" data-eae-slider=\"19893\" data-id=\"392dcd74\" data-element_type=\"section\" data-e-type=\"section\" data-settings=\"{&quot;background_background&quot;:&quot;classic&quot;,&quot;_ha_eqh_enable&quot;:false}\">\n\t\t\t\t\t\t<div class=\"elementor-container elementor-column-gap-no\">\n\t\t\t\t\t<div class=\"has_eae_slider elementor-column elementor-col-100 elementor-top-column elementor-element elementor-element-50027133\" data-eae-slider=\"96625\" data-id=\"50027133\" data-element_type=\"column\" data-e-type=\"column\">\n\t\t\t<div class=\"elementor-widget-wrap\">\n\t\t\t\t\t\t\t<\/div>\n\t\t<\/div>\n\t\t\t\t\t<\/div>\n\t\t<\/section>\n\t\t\t\t<section class=\"has_eae_slider elementor-section elementor-top-section elementor-element elementor-element-ad33520 elementor-section-boxed elementor-section-height-default elementor-section-height-default\" data-eae-slider=\"22071\" data-id=\"ad33520\" data-element_type=\"section\" data-e-type=\"section\" data-settings=\"{&quot;_ha_eqh_enable&quot;:false}\">\n\t\t\t\t\t\t<div class=\"elementor-container elementor-column-gap-default\">\n\t\t\t\t\t<div class=\"has_eae_slider elementor-column elementor-col-100 elementor-top-column elementor-element elementor-element-804a56d\" data-eae-slider=\"75992\" data-id=\"804a56d\" data-element_type=\"column\" data-e-type=\"column\">\n\t\t\t<div class=\"elementor-widget-wrap elementor-element-populated\">\n\t\t\t\t\t\t<div class=\"elementor-element elementor-element-3a8e8c7 elementor-widget elementor-widget-heading\" data-id=\"3a8e8c7\" data-element_type=\"widget\" data-e-type=\"widget\" data-widget_type=\"heading.default\">\n\t\t\t\t\t<h2 class=\"elementor-heading-title elementor-size-default\">Liens<\/h2>\t\t\t\t<\/div>\n\t\t\t\t<div class=\"elementor-element elementor-element-78b4809 elementor-widget-divider--view-line elementor-widget elementor-widget-divider\" data-id=\"78b4809\" data-element_type=\"widget\" data-e-type=\"widget\" data-widget_type=\"divider.default\">\n\t\t\t\t\t\t\t<div class=\"elementor-divider\">\n\t\t\t<span class=\"elementor-divider-separator\">\n\t\t\t\t\t\t<\/span>\n\t\t<\/div>\n\t\t\t\t\t\t<\/div>\n\t\t\t\t<section class=\"has_eae_slider elementor-section elementor-inner-section elementor-element elementor-element-0f86108 elementor-section-boxed elementor-section-height-default elementor-section-height-default\" data-eae-slider=\"10487\" data-id=\"0f86108\" data-element_type=\"section\" data-e-type=\"section\" data-settings=\"{&quot;_ha_eqh_enable&quot;:false}\">\n\t\t\t\t\t\t<div class=\"elementor-container elementor-column-gap-default\">\n\t\t\t\t\t<div class=\"has_eae_slider elementor-column elementor-col-33 elementor-inner-column elementor-element elementor-element-cf25765\" data-eae-slider=\"86647\" data-id=\"cf25765\" data-element_type=\"column\" data-e-type=\"column\">\n\t\t\t<div class=\"elementor-widget-wrap elementor-element-populated\">\n\t\t\t\t\t\t<div class=\"elementor-element elementor-element-7392b6c elementor-widget elementor-widget-image\" data-id=\"7392b6c\" data-element_type=\"widget\" data-e-type=\"widget\" data-widget_type=\"image.default\">\n\t\t\t\t\t\t\t\t\t\t\t\t\t\t\t<img decoding=\"async\" width=\"166\" height=\"166\" src=\"https:\/\/dog-motivation.ch\/wp-content\/uploads\/2019\/07\/Gervaise.png\" class=\"attachment-full size-full wp-image-91\" alt=\"\" srcset=\"https:\/\/dog-motivation.ch\/wp-content\/uploads\/2019\/07\/Gervaise.png 166w, https:\/\/dog-motivation.ch\/wp-content\/uploads\/2019\/07\/Gervaise-100x100.png 100w, https:\/\/dog-motivation.ch\/wp-content\/uploads\/2019\/07\/Gervaise-150x150.png 150w\" sizes=\"(max-width: 166px) 100vw, 166px\" \/>\t\t\t\t\t\t\t\t\t\t\t\t\t\t\t<\/div>\n\t\t\t\t<div class=\"elementor-element elementor-element-f6be22e elementor-widget elementor-widget-heading\" data-id=\"f6be22e\" data-element_type=\"widget\" data-e-type=\"widget\" data-widget_type=\"heading.default\">\n\t\t\t\t\t<h2 class=\"elementor-heading-title elementor-size-default\">Gervaise Duvoisin, propri\u00e9taire\n\n<\/h2>\t\t\t\t<\/div>\n\t\t\t\t<div class=\"elementor-element elementor-element-3169fd5 elementor-widget elementor-widget-text-editor\" data-id=\"3169fd5\" data-element_type=\"widget\" data-e-type=\"widget\" data-widget_type=\"text-editor.default\">\n\t\t\t\t\t\t\t\t\t<p class=\"text-justify\">Apr\u00e8s 6 ans au sein du Team de Dog-Motivation en tant qu\u2019\u00e9ducatrice canine, j\u2019ai le plaisir depuis le 1er janvier 2019 de reprendre la direction de l\u2019\u00e9cole Dog-Motivation S\u00e0rl, et vivre ma passion des chiens.<\/p><ul class=\"text-left\"><li>Brevet MEC-OSAV<\/li><li>Brevet national de propri\u00e9taire de chiens BPC<\/li><li>UG sport plaisir<\/li><li>UG Gestion des chiens r\u00e9actifs<\/li><li>Attestation Astuce canine, m\u00e9thode amichien<\/li><li>UG SOS Emotion Dr Colette Pillonel<\/li><li>UG Entra\u00eener, modifier des comportements<\/li><li>Attestation Focus et Fondation<\/li><li>Attestation La r\u00e9activit\u00e9 canine<\/li><li>Divers formations continues en ligne<\/li><\/ul><ul class=\"team\"><li><i class=\"fa fa-phone\" aria-hidden=\"true\"><\/i>\u00a0 <a href=\"tel:079 306 75 48\">079 306 75 48<\/a><\/li><li><i class=\"fa fa-envelope\" aria-hidden=\"true\"><\/i>\u00a0 <a href=\"mailto:gervaise@dog-motivation.ch\">gervaise@dog-motivation.ch<\/a><\/li><\/ul>\t\t\t\t\t\t\t\t<\/div>\n\t\t\t\t\t<\/div>\n\t\t<\/div>\n\t\t\t\t<div class=\"has_eae_slider elementor-column elementor-col-33 elementor-inner-column elementor-element elementor-element-3a3b6eb\" data-eae-slider=\"47682\" data-id=\"3a3b6eb\" data-element_type=\"column\" data-e-type=\"column\">\n\t\t\t<div class=\"elementor-widget-wrap elementor-element-populated\">\n\t\t\t\t\t\t<div class=\"elementor-element elementor-element-dacbc12 elementor-widget elementor-widget-image\" data-id=\"dacbc12\" data-element_type=\"widget\" data-e-type=\"widget\" data-widget_type=\"image.default\">\n\t\t\t\t\t\t\t\t\t\t\t\t\t\t\t<img decoding=\"async\" width=\"166\" height=\"166\" src=\"https:\/\/dog-motivation.ch\/wp-content\/uploads\/2021\/05\/Equipe.png\" class=\"attachment-full size-full wp-image-1149\" alt=\"\" srcset=\"https:\/\/dog-motivation.ch\/wp-content\/uploads\/2021\/05\/Equipe.png 166w, https:\/\/dog-motivation.ch\/wp-content\/uploads\/2021\/05\/Equipe-150x150.png 150w, https:\/\/dog-motivation.ch\/wp-content\/uploads\/2021\/05\/Equipe-100x100.png 100w\" sizes=\"(max-width: 166px) 100vw, 166px\" \/>\t\t\t\t\t\t\t\t\t\t\t\t\t\t\t<\/div>\n\t\t\t\t<div class=\"elementor-element elementor-element-d15556d elementor-widget elementor-widget-heading\" data-id=\"d15556d\" data-element_type=\"widget\" data-e-type=\"widget\" data-widget_type=\"heading.default\">\n\t\t\t\t\t<h2 class=\"elementor-heading-title elementor-size-default\">Magali, Educatrice d'\u00e9ducation Canine MEC<\/h2>\t\t\t\t<\/div>\n\t\t\t\t<div class=\"elementor-element elementor-element-45a049c elementor-widget elementor-widget-text-editor\" data-id=\"45a049c\" data-element_type=\"widget\" data-e-type=\"widget\" data-widget_type=\"text-editor.default\">\n\t\t\t\t\t\t\t\t\t<p>Ma passion pour les chiens et les chevaux remonte \u00e0 mon enfance, j\u2019ai toujours v\u00e9cu avec eux ! Il \u00e9tait \u00e9vident pour moi de me lancer dans cette merveilleuse aventure, j\u2019ai donc commenc\u00e9 ma formation d\u2019\u00e9ducatrice canine en 2021. Je me r\u00e9jouis de me perfectionner chez Dog-Motivation<\/p>\t\t\t\t\t\t\t\t<\/div>\n\t\t\t\t\t<\/div>\n\t\t<\/div>\n\t\t\t\t<div class=\"has_eae_slider elementor-column elementor-col-33 elementor-inner-column elementor-element elementor-element-d356298\" data-eae-slider=\"68449\" data-id=\"d356298\" data-element_type=\"column\" data-e-type=\"column\">\n\t\t\t<div class=\"elementor-widget-wrap elementor-element-populated\">\n\t\t\t\t\t\t<div class=\"elementor-element elementor-element-2d44288 elementor-widget elementor-widget-image\" data-id=\"2d44288\" data-element_type=\"widget\" data-e-type=\"widget\" data-widget_type=\"image.default\">\n\t\t\t\t\t\t\t\t\t\t\t\t\t\t\t<img decoding=\"async\" width=\"166\" height=\"166\" src=\"https:\/\/dog-motivation.ch\/wp-content\/uploads\/2019\/07\/Lili.png\" class=\"attachment-full size-full wp-image-93\" alt=\"\" srcset=\"https:\/\/dog-motivation.ch\/wp-content\/uploads\/2019\/07\/Lili.png 166w, https:\/\/dog-motivation.ch\/wp-content\/uploads\/2019\/07\/Lili-100x100.png 100w, https:\/\/dog-motivation.ch\/wp-content\/uploads\/2019\/07\/Lili-150x150.png 150w\" sizes=\"(max-width: 166px) 100vw, 166px\" \/>\t\t\t\t\t\t\t\t\t\t\t\t\t\t\t<\/div>\n\t\t\t\t<div class=\"elementor-element elementor-element-8f03e02 elementor-widget elementor-widget-heading\" data-id=\"8f03e02\" data-element_type=\"widget\" data-e-type=\"widget\" data-widget_type=\"heading.default\">\n\t\t\t\t\t<h2 class=\"elementor-heading-title elementor-size-default\">Lili, \u00e9ducatrice pour les cours d\u2019Agility\n\n\n\n\n<\/h2>\t\t\t\t<\/div>\n\t\t\t\t<div class=\"elementor-element elementor-element-f0f90f4 elementor-widget elementor-widget-text-editor\" data-id=\"f0f90f4\" data-element_type=\"widget\" data-e-type=\"widget\" data-widget_type=\"text-editor.default\">\n\t\t\t\t\t\t\t\t\t<div class=\"row\"><div class=\"main-title\"><div class=\"service-content\"><div class=\"col-lg-4 col-sm-4 col-xs-4 col-md-4 text-center\"><p class=\"text-justify\">\u201cJe pratique l\u2019agility depuis 2001. J\u2019ai 3 chiens avec lesquelles je fais des concours. Chaque ann\u00e9e, je vais suivre des s\u00e9minaires d\u2019agility pour connaitre de nouvelles conduites. J\u2019aime la complicit\u00e9 que j\u2019ai avec mes chiens et je me r\u00e9jouis de pouvoir vous transmettre ma grande passion chez dog-motivation.\u201d<\/p><\/div><\/div><\/div><\/div>\t\t\t\t\t\t\t\t<\/div>\n\t\t\t\t\t<\/div>\n\t\t<\/div>\n\t\t\t\t\t<\/div>\n\t\t<\/section>\n\t\t\t\t<section class=\"has_eae_slider elementor-section elementor-inner-section elementor-element elementor-element-45b8b99 elementor-section-boxed elementor-section-height-default elementor-section-height-default\" data-eae-slider=\"84607\" data-id=\"45b8b99\" data-element_type=\"section\" data-e-type=\"section\" data-settings=\"{&quot;_ha_eqh_enable&quot;:false}\">\n\t\t\t\t\t\t<div class=\"elementor-container elementor-column-gap-default\">\n\t\t\t\t\t<div class=\"has_eae_slider elementor-column elementor-col-33 elementor-inner-column elementor-element elementor-element-03f513f elementor-hidden-desktop elementor-hidden-tablet elementor-hidden-mobile\" data-eae-slider=\"24078\" data-id=\"03f513f\" data-element_type=\"column\" data-e-type=\"column\">\n\t\t\t<div class=\"elementor-widget-wrap elementor-element-populated\">\n\t\t\t\t\t\t<div class=\"elementor-element elementor-element-370858e elementor-widget elementor-widget-image\" data-id=\"370858e\" data-element_type=\"widget\" data-e-type=\"widget\" data-widget_type=\"image.default\">\n\t\t\t\t\t\t\t\t\t\t\t\t\t\t\t<img loading=\"lazy\" decoding=\"async\" width=\"166\" height=\"166\" src=\"https:\/\/dog-motivation.ch\/wp-content\/uploads\/2019\/07\/Fran\u00e7oise.png\" class=\"attachment-full size-full wp-image-98\" alt=\"\" srcset=\"https:\/\/dog-motivation.ch\/wp-content\/uploads\/2019\/07\/Fran\u00e7oise.png 166w, https:\/\/dog-motivation.ch\/wp-content\/uploads\/2019\/07\/Fran\u00e7oise-100x100.png 100w, https:\/\/dog-motivation.ch\/wp-content\/uploads\/2019\/07\/Fran\u00e7oise-150x150.png 150w\" sizes=\"(max-width: 166px) 100vw, 166px\" \/>\t\t\t\t\t\t\t\t\t\t\t\t\t\t\t<\/div>\n\t\t\t\t<div class=\"elementor-element elementor-element-90ca9f4 elementor-widget elementor-widget-heading\" data-id=\"90ca9f4\" data-element_type=\"widget\" data-e-type=\"widget\" data-widget_type=\"heading.default\">\n\t\t\t\t\t<h2 class=\"elementor-heading-title elementor-size-default\">Fran\u00e7oise, \u00e9ducatrice pour les cours d\u2019Agility et HoopersAgi<\/h2>\t\t\t\t<\/div>\n\t\t\t\t<div class=\"elementor-element elementor-element-578083e elementor-widget elementor-widget-text-editor\" data-id=\"578083e\" data-element_type=\"widget\" data-e-type=\"widget\" data-widget_type=\"text-editor.default\">\n\t\t\t\t\t\t\t\t\t<p>\u201d Passionn\u00e9e par les chiens depuis toujours, j\u2019ai suivi diverses formations en vue d\u2019obtenir mes brevets (MCJC\/MEC\/ECB).Active aussi bien en Agility qu\u2019en Obedience, je me r\u00e9jouis d\u2019apporter mes connaissances chez dog-motivation afin de travailler en harmonie avec les propri\u00e9taires et leur chien \u201c<\/p>\t\t\t\t\t\t\t\t<\/div>\n\t\t\t\t\t<\/div>\n\t\t<\/div>\n\t\t\t\t<div class=\"has_eae_slider elementor-column elementor-col-33 elementor-inner-column elementor-element elementor-element-dbe5883 elementor-hidden-desktop elementor-hidden-tablet elementor-hidden-mobile\" data-eae-slider=\"87765\" data-id=\"dbe5883\" data-element_type=\"column\" data-e-type=\"column\">\n\t\t\t<div class=\"elementor-widget-wrap elementor-element-populated\">\n\t\t\t\t\t\t<div class=\"elementor-element elementor-element-be0d7e7 elementor-widget elementor-widget-image\" data-id=\"be0d7e7\" data-element_type=\"widget\" data-e-type=\"widget\" data-widget_type=\"image.default\">\n\t\t\t\t\t\t\t\t\t\t\t\t\t\t\t<img loading=\"lazy\" decoding=\"async\" width=\"166\" height=\"166\" src=\"https:\/\/dog-motivation.ch\/wp-content\/uploads\/2023\/04\/Laura-Marchal-1.png\" class=\"attachment-full size-full wp-image-1943\" alt=\"\" srcset=\"https:\/\/dog-motivation.ch\/wp-content\/uploads\/2023\/04\/Laura-Marchal-1.png 166w, https:\/\/dog-motivation.ch\/wp-content\/uploads\/2023\/04\/Laura-Marchal-1-150x150.png 150w\" sizes=\"(max-width: 166px) 100vw, 166px\" \/>\t\t\t\t\t\t\t\t\t\t\t\t\t\t\t<\/div>\n\t\t\t\t<div class=\"elementor-element elementor-element-2d4f28e elementor-widget elementor-widget-heading\" data-id=\"2d4f28e\" data-element_type=\"widget\" data-e-type=\"widget\" data-widget_type=\"heading.default\">\n\t\t\t\t\t<h2 class=\"elementor-heading-title elementor-size-default\">Laura Marchal, Educatrice canine MEC<\/h2>\t\t\t\t<\/div>\n\t\t\t\t<div class=\"elementor-element elementor-element-6cc1c47 elementor-widget elementor-widget-text-editor\" data-id=\"6cc1c47\" data-element_type=\"widget\" data-e-type=\"widget\" data-widget_type=\"text-editor.default\">\n\t\t\t\t\t\t\t\t\t<p>\u201c\u00c9tant passionn\u00e9e par les chiens depuis mon enfance, c&rsquo;est tout naturellement qu&rsquo;en 2022, j&rsquo;ai entrepris la formation de monitrice d&rsquo;education canine. Cette m\u00eame ann\u00e9e, j&rsquo;ai eu la chance de rencontrer Gervaise qui m&rsquo;a accueilli et fait une place dans son \u00e9quipe. Je suis impatiente de me perfectionner et d&rsquo;en apprendre davantage chez Dog-Motivation.\u201d<\/p>\t\t\t\t\t\t\t\t<\/div>\n\t\t\t\t\t<\/div>\n\t\t<\/div>\n\t\t\t\t<div class=\"has_eae_slider elementor-column elementor-col-33 elementor-inner-column elementor-element elementor-element-949d35a\" data-eae-slider=\"83636\" data-id=\"949d35a\" data-element_type=\"column\" data-e-type=\"column\">\n\t\t\t<div class=\"elementor-widget-wrap\">\n\t\t\t\t\t\t\t<\/div>\n\t\t<\/div>\n\t\t\t\t\t<\/div>\n\t\t<\/section>\n\t\t\t\t\t<\/div>\n\t\t<\/div>\n\t\t\t\t\t<\/div>\n\t\t<\/section>\n\t\t\t\t<\/div>\n\t\t","protected":false},"excerpt":{"rendered":"<p>Liens Gervaise Duvoisin, propri\u00e9taire Apr\u00e8s 6 ans au sein du Team de Dog-Motivation en tant qu\u2019\u00e9ducatrice canine, j\u2019ai le plaisir depuis le 1er janvier 2019 de reprendre la direction de l\u2019\u00e9cole Dog-Motivation S\u00e0rl, et vivre ma passion des chiens. Brevet MEC-OSAV Brevet national de propri\u00e9taire de chiens BPC UG sport plaisir UG Gestion des chiens [&hellip;]<\/p>\n","protected":false},"author":1,"featured_media":0,"parent":0,"menu_order":0,"comment_status":"closed","ping_status":"closed","template":"elementor_header_footer","meta":{"ocean_post_layout":"","ocean_both_sidebars_style":"","ocean_both_sidebars_content_width":0,"ocean_both_sidebars_sidebars_width":0,"ocean_sidebar":"0","ocean_second_sidebar":"0","ocean_disable_margins":"enable","ocean_add_body_class":"","ocean_shortcode_before_top_bar":"","ocean_shortcode_after_top_bar":"","ocean_shortcode_before_header":"","ocean_shortcode_after_header":"","ocean_has_shortcode":"","ocean_shortcode_after_title":"","ocean_shortcode_before_footer_widgets":"","ocean_shortcode_after_footer_widgets":"","ocean_shortcode_before_footer_bottom":"","ocean_shortcode_after_footer_bottom":"","ocean_display_top_bar":"default","ocean_display_header":"default","ocean_header_style":"","ocean_center_header_left_menu":"0","ocean_custom_header_template":"0","ocean_custom_logo":0,"ocean_custom_retina_logo":0,"ocean_custom_logo_max_width":0,"ocean_custom_logo_tablet_max_width":0,"ocean_custom_logo_mobile_max_width":0,"ocean_custom_logo_max_height":0,"ocean_custom_logo_tablet_max_height":0,"ocean_custom_logo_mobile_max_height":0,"ocean_header_custom_menu":"0","ocean_menu_typo_font_family":"0","ocean_menu_typo_font_subset":"","ocean_menu_typo_font_size":0,"ocean_menu_typo_font_size_tablet":0,"ocean_menu_typo_font_size_mobile":0,"ocean_menu_typo_font_size_unit":"px","ocean_menu_typo_font_weight":"","ocean_menu_typo_font_weight_tablet":"","ocean_menu_typo_font_weight_mobile":"","ocean_menu_typo_transform":"","ocean_menu_typo_transform_tablet":"","ocean_menu_typo_transform_mobile":"","ocean_menu_typo_line_height":0,"ocean_menu_typo_line_height_tablet":0,"ocean_menu_typo_line_height_mobile":0,"ocean_menu_typo_line_height_unit":"","ocean_menu_typo_spacing":0,"ocean_menu_typo_spacing_tablet":0,"ocean_menu_typo_spacing_mobile":0,"ocean_menu_typo_spacing_unit":"","ocean_menu_link_color":"","ocean_menu_link_color_hover":"","ocean_menu_link_color_active":"","ocean_menu_link_background":"","ocean_menu_link_hover_background":"","ocean_menu_link_active_background":"","ocean_menu_social_links_bg":"","ocean_menu_social_hover_links_bg":"","ocean_menu_social_links_color":"","ocean_menu_social_hover_links_color":"","ocean_disable_title":"on","ocean_disable_heading":"default","ocean_post_title":"","ocean_post_subheading":"","ocean_post_title_style":"","ocean_post_title_background_color":"","ocean_post_title_background":0,"ocean_post_title_bg_image_position":"","ocean_post_title_bg_image_attachment":"","ocean_post_title_bg_image_repeat":"","ocean_post_title_bg_image_size":"","ocean_post_title_height":0,"ocean_post_title_bg_overlay":0.5,"ocean_post_title_bg_overlay_color":"","ocean_disable_breadcrumbs":"default","ocean_breadcrumbs_color":"","ocean_breadcrumbs_separator_color":"","ocean_breadcrumbs_links_color":"","ocean_breadcrumbs_links_hover_color":"","ocean_display_footer_widgets":"default","ocean_display_footer_bottom":"default","ocean_custom_footer_template":"0","footnotes":""},"class_list":["post-84","page","type-page","status-publish","hentry","entry"],"_links":{"self":[{"href":"https:\/\/dog-motivation.ch\/index.php?rest_route=\/wp\/v2\/pages\/84","targetHints":{"allow":["GET"]}}],"collection":[{"href":"https:\/\/dog-motivation.ch\/index.php?rest_route=\/wp\/v2\/pages"}],"about":[{"href":"https:\/\/dog-motivation.ch\/index.php?rest_route=\/wp\/v2\/types\/page"}],"author":[{"embeddable":true,"href":"https:\/\/dog-motivation.ch\/index.php?rest_route=\/wp\/v2\/users\/1"}],"replies":[{"embeddable":true,"href":"https:\/\/dog-motivation.ch\/index.php?rest_route=%2Fwp%2Fv2%2Fcomments&post=84"}],"version-history":[{"count":76,"href":"https:\/\/dog-motivation.ch\/index.php?rest_route=\/wp\/v2\/pages\/84\/revisions"}],"predecessor-version":[{"id":2245,"href":"https:\/\/dog-motivation.ch\/index.php?rest_route=\/wp\/v2\/pages\/84\/revisions\/2245"}],"wp:attachment":[{"href":"https:\/\/dog-motivation.ch\/index.php?rest_route=%2Fwp%2Fv2%2Fmedia&parent=84"}],"curies":[{"name":"wp","href":"https:\/\/api.w.org\/{rel}","templated":true}]}}