{"id":65,"date":"2019-07-14T05:49:13","date_gmt":"2019-07-14T05:49:13","guid":{"rendered":"https:\/\/demo.ait.hosting\/dog\/?page_id=65"},"modified":"2024-04-23T18:59:58","modified_gmt":"2024-04-23T16:59:58","slug":"motivation","status":"publish","type":"page","link":"https:\/\/dog-motivation.ch\/?page_id=65","title":{"rendered":"Motivation"},"content":{"rendered":"\t\t<div data-elementor-type=\"wp-post\" data-elementor-id=\"65\" class=\"elementor elementor-65\" data-elementor-settings=\"{&quot;ha_cmc_init_switcher&quot;:&quot;no&quot;}\">\n\t\t\t\t\t\t<section class=\"has_eae_slider elementor-section elementor-top-section elementor-element elementor-element-976f8bb elementor-section-height-min-height elementor-section-boxed elementor-section-height-default elementor-section-items-middle\" data-eae-slider=\"1584\" data-id=\"976f8bb\" data-element_type=\"section\" data-e-type=\"section\" data-settings=\"{&quot;background_background&quot;:&quot;classic&quot;,&quot;_ha_eqh_enable&quot;:false}\">\n\t\t\t\t\t\t<div class=\"elementor-container elementor-column-gap-no\">\n\t\t\t\t\t<div class=\"has_eae_slider elementor-column elementor-col-100 elementor-top-column elementor-element elementor-element-a7eec56\" data-eae-slider=\"34417\" data-id=\"a7eec56\" data-element_type=\"column\" data-e-type=\"column\">\n\t\t\t<div class=\"elementor-widget-wrap\">\n\t\t\t\t\t\t\t<\/div>\n\t\t<\/div>\n\t\t\t\t\t<\/div>\n\t\t<\/section>\n\t\t\t\t<section class=\"has_eae_slider elementor-section elementor-top-section elementor-element elementor-element-c67ab58 elementor-section-boxed elementor-section-height-default elementor-section-height-default\" data-eae-slider=\"566\" data-id=\"c67ab58\" data-element_type=\"section\" data-e-type=\"section\" data-settings=\"{&quot;_ha_eqh_enable&quot;:false}\">\n\t\t\t\t\t\t<div class=\"elementor-container elementor-column-gap-default\">\n\t\t\t\t\t<div class=\"has_eae_slider elementor-column elementor-col-100 elementor-top-column elementor-element elementor-element-d901aa2\" data-eae-slider=\"97840\" data-id=\"d901aa2\" data-element_type=\"column\" data-e-type=\"column\">\n\t\t\t<div class=\"elementor-widget-wrap elementor-element-populated\">\n\t\t\t\t\t\t<div class=\"elementor-element elementor-element-a26bed0 elementor-widget elementor-widget-heading\" data-id=\"a26bed0\" data-element_type=\"widget\" data-e-type=\"widget\" data-widget_type=\"heading.default\">\n\t\t\t\t\t<h2 class=\"elementor-heading-title elementor-size-default\">Motivation<\/h2>\t\t\t\t<\/div>\n\t\t\t\t<div class=\"elementor-element elementor-element-723d9b74 elementor-widget-divider--view-line elementor-widget elementor-widget-divider\" data-id=\"723d9b74\" data-element_type=\"widget\" data-e-type=\"widget\" data-widget_type=\"divider.default\">\n\t\t\t\t\t\t\t<div class=\"elementor-divider\">\n\t\t\t<span class=\"elementor-divider-separator\">\n\t\t\t\t\t\t<\/span>\n\t\t<\/div>\n\t\t\t\t\t\t<\/div>\n\t\t\t\t<section class=\"has_eae_slider elementor-section elementor-inner-section elementor-element elementor-element-45572ad elementor-section-boxed elementor-section-height-default elementor-section-height-default\" data-eae-slider=\"58677\" data-id=\"45572ad\" data-element_type=\"section\" data-e-type=\"section\" data-settings=\"{&quot;_ha_eqh_enable&quot;:false}\">\n\t\t\t\t\t\t<div class=\"elementor-container elementor-column-gap-default\">\n\t\t\t\t\t<div class=\"has_eae_slider elementor-column elementor-col-50 elementor-inner-column elementor-element elementor-element-846dd9d\" data-eae-slider=\"41276\" data-id=\"846dd9d\" data-element_type=\"column\" data-e-type=\"column\">\n\t\t\t<div class=\"elementor-widget-wrap elementor-element-populated\">\n\t\t\t\t\t\t<div class=\"elementor-element elementor-element-478d30d elementor-widget elementor-widget-text-editor\" data-id=\"478d30d\" data-element_type=\"widget\" data-e-type=\"widget\" data-widget_type=\"text-editor.default\">\n\t\t\t\t\t\t\t\t\t<p><strong>La motivation derri\u00e8re dog-motivation<\/strong><\/p><p>En Suisse, vivent environ 500\u2019000 chiens. La plupart sont des chiens de famille et d\u2019accompagnement. Ils remplissent leurs devoirs de guide, protecteur et avant tout d\u2019ami fid\u00e8le de l\u2019homme. La raison en comparaison avec d\u2019autres animaux, le chien a un grand r\u00e9pertoire de types de comportements avec lesquels il peut nous montrer, \u00e0 nous \u00eatres humains, amour, respect, fid\u00e9lit\u00e9 et loyaut\u00e9.<\/p><p>Par des croisements cibl\u00e9s, plus de 400 races diff\u00e9rentes se sont d\u00e9velopp\u00e9es, lesquelles se distinguent non seulement par leurs apparences, mais aussi par leurs caract\u00e8res et leurs capacit\u00e9s. Ils r\u00e9pondent ainsi exactement aux attentes que l\u2019homme a plac\u00e9 en eux.<\/p><p>Cependant notre environnement devient malheureusement de plus en plus hostile au chien. Beaucoup de comportements typiques \u00e0 la race ne sont plus accept\u00e9s par notre soci\u00e9t\u00e9 d\u2019aujourd\u2019hui et malheureusement ressentis, par nous autres \u00eatres humains, comme \u201cmauvaises habitudes\u201d ou comme de la \u201cd\u00e9sob\u00e9issance\u201d.<\/p>\t\t\t\t\t\t\t\t<\/div>\n\t\t\t\t\t<\/div>\n\t\t<\/div>\n\t\t\t\t<div class=\"has_eae_slider elementor-column elementor-col-50 elementor-inner-column elementor-element elementor-element-d9db883\" data-eae-slider=\"34721\" data-id=\"d9db883\" data-element_type=\"column\" data-e-type=\"column\">\n\t\t\t<div class=\"elementor-widget-wrap elementor-element-populated\">\n\t\t\t\t\t\t<div class=\"elementor-element elementor-element-14ae8432 elementor-widget elementor-widget-image\" data-id=\"14ae8432\" data-element_type=\"widget\" data-e-type=\"widget\" data-widget_type=\"image.default\">\n\t\t\t\t\t\t\t\t\t\t\t\t\t\t\t<img fetchpriority=\"high\" decoding=\"async\" width=\"240\" height=\"320\" src=\"https:\/\/dog-motivation.ch\/wp-content\/uploads\/2020\/03\/motiv2-rotated.jpg\" class=\"attachment-full size-full wp-image-609\" alt=\"\" srcset=\"https:\/\/dog-motivation.ch\/wp-content\/uploads\/2020\/03\/motiv2-rotated.jpg 240w, https:\/\/dog-motivation.ch\/wp-content\/uploads\/2020\/03\/motiv2-225x300.jpg 225w\" sizes=\"(max-width: 240px) 100vw, 240px\" \/>\t\t\t\t\t\t\t\t\t\t\t\t\t\t\t<\/div>\n\t\t\t\t\t<\/div>\n\t\t<\/div>\n\t\t\t\t\t<\/div>\n\t\t<\/section>\n\t\t\t\t<div class=\"elementor-element elementor-element-2f45b93 elementor-widget elementor-widget-text-editor\" data-id=\"2f45b93\" data-element_type=\"widget\" data-e-type=\"widget\" data-widget_type=\"text-editor.default\">\n\t\t\t\t\t\t\t\t\t<p>Si le chien veut s\u2019int\u00e9grer sans probl\u00e8me dans notre quotidien, il a besoin de notre aide. Nous devons lui donner la possibilit\u00e9 d\u2019apprendre comment il doit se comporter dans les diff\u00e9rentes situations. Cela signifie que nous devons l\u2019\u00e9duquer afin de pouvoir vivre en harmonie avec nos fid\u00e8les compagnons.<\/p>\t\t\t\t\t\t\t\t<\/div>\n\t\t\t\t<section class=\"has_eae_slider elementor-section elementor-inner-section elementor-element elementor-element-a1cd99d elementor-section-boxed elementor-section-height-default elementor-section-height-default\" data-eae-slider=\"1585\" data-id=\"a1cd99d\" data-element_type=\"section\" data-e-type=\"section\" data-settings=\"{&quot;_ha_eqh_enable&quot;:false}\">\n\t\t\t\t\t\t<div class=\"elementor-container elementor-column-gap-default\">\n\t\t\t\t\t<div class=\"has_eae_slider elementor-column elementor-col-50 elementor-inner-column elementor-element elementor-element-37701ae\" data-eae-slider=\"70121\" data-id=\"37701ae\" data-element_type=\"column\" data-e-type=\"column\">\n\t\t\t<div class=\"elementor-widget-wrap elementor-element-populated\">\n\t\t\t\t\t\t<div class=\"elementor-element elementor-element-bcd084c elementor-widget elementor-widget-image\" data-id=\"bcd084c\" data-element_type=\"widget\" data-e-type=\"widget\" data-widget_type=\"image.default\">\n\t\t\t\t\t\t\t\t\t\t\t\t\t\t\t<img decoding=\"async\" width=\"240\" height=\"320\" src=\"https:\/\/dog-motivation.ch\/wp-content\/uploads\/2020\/03\/motiv1-rotated.jpg\" class=\"attachment-full size-full wp-image-608\" alt=\"\" srcset=\"https:\/\/dog-motivation.ch\/wp-content\/uploads\/2020\/03\/motiv1-rotated.jpg 240w, https:\/\/dog-motivation.ch\/wp-content\/uploads\/2020\/03\/motiv1-225x300.jpg 225w\" sizes=\"(max-width: 240px) 100vw, 240px\" \/>\t\t\t\t\t\t\t\t\t\t\t\t\t\t\t<\/div>\n\t\t\t\t\t<\/div>\n\t\t<\/div>\n\t\t\t\t<div class=\"has_eae_slider elementor-column elementor-col-50 elementor-inner-column elementor-element elementor-element-ba95d0a\" data-eae-slider=\"49456\" data-id=\"ba95d0a\" data-element_type=\"column\" data-e-type=\"column\">\n\t\t\t<div class=\"elementor-widget-wrap elementor-element-populated\">\n\t\t\t\t\t\t<div class=\"elementor-element elementor-element-6893d6e elementor-widget elementor-widget-text-editor\" data-id=\"6893d6e\" data-element_type=\"widget\" data-e-type=\"widget\" data-widget_type=\"text-editor.default\">\n\t\t\t\t\t\t\t\t\t<p><strong>Que signifie EDUCATION ?<\/strong><\/p><p>La vie commune avec le chien doit permettre autant que possible de vivre sans probl\u00e8mes et en harmonie au quotidien pour les deux parties. La condition pour cela est que nous soyons conscient de comment nos chiens doivent se comporter dans des situations d\u00e9termin\u00e9es. Par cons\u00e9quent nous devons offrir au chien les occasions pr\u00e9cises dans lesquelles notre quadrup\u00e8de peut apprendre sans stress les types de comportement souhait\u00e9s.<\/p><p>La majeure partie des propri\u00e9taires de chien ont une relation affectueuse avec leur compagnon, mais ne peuvent malgr\u00e9 tout pas comprendre pourquoi ils n\u2019arrivent pas toujours communiquer leurs d\u00e9sirs \u00e0 leur chien.<strong>\u00a0C\u2019est exactement l\u00e0 o\u00f9 nous mettons l\u2019accent avec notre entra\u00eenement.<\/strong>\u00a0Chez dog-motivation il nous tient particuli\u00e8rement \u00e0 coeur que vous appreniez exactement ces aspects-l\u00e0 en tant que propri\u00e9taire de chien.<\/p>\t\t\t\t\t\t\t\t<\/div>\n\t\t\t\t\t<\/div>\n\t\t<\/div>\n\t\t\t\t\t<\/div>\n\t\t<\/section>\n\t\t\t\t<div class=\"elementor-element elementor-element-2cdbb1d elementor-widget elementor-widget-text-editor\" data-id=\"2cdbb1d\" data-element_type=\"widget\" data-e-type=\"widget\" data-widget_type=\"text-editor.default\">\n\t\t\t\t\t\t\t\t\t<p><strong>D\u00e8s l\u2019instant o\u00f9 vous vous pr\u00e9occupez du th\u00e8me \u201cchien\u201d, nous sommes l\u00e0 pour vous en tant qu\u2019instructeurs\/instructrices certifi\u00e9es. Nous vous aidons \u00e0 trouver votre chien de r\u00eave afin que cela devienne vraiment votre chien de r\u00eave. Que ce soit dans les cours pour chiots, jeunes chiens ou d\u2019\u00e9ducation, vous serez entra\u00een\u00e9s comme conducteur de chien. Votre chien apprend comment il doit se comporter, afin que vous puissiez en \u00e9quipe ma\u00eetriser chaque situation sans stress et avec plaisir.<\/strong><\/p>\t\t\t\t\t\t\t\t<\/div>\n\t\t\t\t\t<\/div>\n\t\t<\/div>\n\t\t\t\t\t<\/div>\n\t\t<\/section>\n\t\t\t\t<section class=\"has_eae_slider elementor-section elementor-top-section elementor-element elementor-element-79fdedd0 elementor-section-boxed elementor-section-height-default elementor-section-height-default\" data-eae-slider=\"68961\" data-id=\"79fdedd0\" data-element_type=\"section\" data-e-type=\"section\" data-settings=\"{&quot;background_background&quot;:&quot;classic&quot;,&quot;_ha_eqh_enable&quot;:false}\">\n\t\t\t\t\t\t<div class=\"elementor-container elementor-column-gap-default\">\n\t\t\t\t\t<div class=\"has_eae_slider elementor-column elementor-col-100 elementor-top-column elementor-element elementor-element-364e73b9\" data-eae-slider=\"23313\" data-id=\"364e73b9\" data-element_type=\"column\" data-e-type=\"column\">\n\t\t\t<div class=\"elementor-widget-wrap elementor-element-populated\">\n\t\t\t\t\t\t<div class=\"elementor-element elementor-element-54066b1d elementor-widget elementor-widget-heading\" data-id=\"54066b1d\" data-element_type=\"widget\" data-e-type=\"widget\" data-widget_type=\"heading.default\">\n\t\t\t\t\t<h2 class=\"elementor-heading-title elementor-size-default\">Liens<\/h2>\t\t\t\t<\/div>\n\t\t\t\t<div class=\"elementor-element elementor-element-77e2415 elementor-widget-divider--view-line elementor-widget elementor-widget-divider\" data-id=\"77e2415\" data-element_type=\"widget\" data-e-type=\"widget\" data-widget_type=\"divider.default\">\n\t\t\t\t\t\t\t<div class=\"elementor-divider\">\n\t\t\t<span class=\"elementor-divider-separator\">\n\t\t\t\t\t\t<\/span>\n\t\t<\/div>\n\t\t\t\t\t\t<\/div>\n\t\t\t\t<div class=\"elementor-element elementor-element-51d0d2a elementor-widget elementor-widget-lae-carousel\" data-id=\"51d0d2a\" data-element_type=\"widget\" data-e-type=\"widget\" data-widget_type=\"lae-carousel.default\">\n\t\t\t\t<div class=\"elementor-widget-container\">\n\t\t\t\t\t\n\n    <div id=\"lae-carousel-51d0d2a\"\n                                      class=\"lae-carousel lae-container\"\n                                      data-settings='{&quot;arrows&quot;:true,&quot;dots&quot;:false,&quot;autoplay&quot;:true,&quot;autoplay_speed&quot;:3000,&quot;animation_speed&quot;:300,&quot;pause_on_hover&quot;:true,&quot;display_columns&quot;:6,&quot;scroll_columns&quot;:1,&quot;gutter&quot;:{&quot;size&quot;:10},&quot;tablet_width&quot;:800,&quot;tablet_display_columns&quot;:2,&quot;tablet_scroll_columns&quot;:2,&quot;mobile_width&quot;:480,&quot;mobile_display_columns&quot;:1,&quot;mobile_scroll_columns&quot;:1}'>\n\n        \n            \n            \n<div class=\"lae-carousel-item\">\n\n    <p><a href=\"http:\/\/www.temple-okami.com\/\"><img decoding=\"async\" class=\"alignnone size-medium wp-image-640\" src=\"https:\/\/dog-motivation.ch\/wp-content\/uploads\/2020\/03\/temple-okami-type-310-300x97.jpg\" alt=\"\" width=\"300\" height=\"97\" srcset=\"https:\/\/dog-motivation.ch\/wp-content\/uploads\/2020\/03\/temple-okami-type-310-300x97.jpg 300w, https:\/\/dog-motivation.ch\/wp-content\/uploads\/2020\/03\/temple-okami-type-310.jpg 310w\" sizes=\"(max-width: 300px) 100vw, 300px\" \/><\/a><\/p>\n<\/div><!-- .lae-carousel-item -->\n        \n            \n            \n<div class=\"lae-carousel-item\">\n\n    <p><a href=\"http:\/\/www.osteocanis.ch\/\"><img loading=\"lazy\" decoding=\"async\" class=\"size-medium wp-image-644 aligncenter\" src=\"https:\/\/dog-motivation.ch\/wp-content\/uploads\/2020\/03\/oceani-300x150.png\" alt=\"\" width=\"300\" height=\"150\" srcset=\"https:\/\/dog-motivation.ch\/wp-content\/uploads\/2020\/03\/oceani-300x150.png 300w, https:\/\/dog-motivation.ch\/wp-content\/uploads\/2020\/03\/oceani.png 303w\" sizes=\"(max-width: 300px) 100vw, 300px\" \/><\/a><\/p>\n<\/div><!-- .lae-carousel-item -->\n        \n            \n            \n<div class=\"lae-carousel-item\">\n\n    <p><a href=\"http:\/\/www.ktmoos.ch\/\"><img loading=\"lazy\" decoding=\"async\" class=\"alignnone size-medium wp-image-643\" src=\"https:\/\/dog-motivation.ch\/wp-content\/uploads\/2020\/03\/ktm-300x43.png\" alt=\"\" width=\"300\" height=\"43\" srcset=\"https:\/\/dog-motivation.ch\/wp-content\/uploads\/2020\/03\/ktm-300x43.png 300w, https:\/\/dog-motivation.ch\/wp-content\/uploads\/2020\/03\/ktm.png 701w\" sizes=\"(max-width: 300px) 100vw, 300px\" \/><\/a><\/p>\n<\/div><!-- .lae-carousel-item -->\n        \n            \n            \n<div class=\"lae-carousel-item\">\n\n    <p><a href=\"https:\/\/retrieverhof.de\/\"><img loading=\"lazy\" decoding=\"async\" class=\"alignnone size-full wp-image-642\" src=\"https:\/\/dog-motivation.ch\/wp-content\/uploads\/2020\/03\/retriev.png\" alt=\"\" width=\"300\" height=\"90\" \/><\/a><\/p>\n<\/div><!-- .lae-carousel-item -->\n        \n            \n            \n<div class=\"lae-carousel-item\">\n\n    <p><img loading=\"lazy\" decoding=\"async\" class=\"alignnone size-full wp-image-42\" src=\"https:\/\/dog-motivation.ch\/wp-content\/uploads\/2019\/07\/6.jpg\" alt=\"\" width=\"149\" height=\"76\" \/><\/p>\n<\/div><!-- .lae-carousel-item -->\n        \n            \n            \n<div class=\"lae-carousel-item\">\n\n    <p><a href=\"https:\/\/www.anis.ch\/\"><img loading=\"lazy\" decoding=\"async\" class=\"alignnone size-full wp-image-41\" src=\"https:\/\/dog-motivation.ch\/wp-content\/uploads\/2019\/07\/5.jpg\" alt=\"\" width=\"149\" height=\"76\" \/><\/a><\/p>\n<\/div><!-- .lae-carousel-item -->\n        \n            \n            \n<div class=\"lae-carousel-item\">\n\n    <p><img loading=\"lazy\" decoding=\"async\" class=\"alignnone size-full wp-image-44\" src=\"https:\/\/dog-motivation.ch\/wp-content\/uploads\/2019\/07\/8.jpg\" alt=\"\" width=\"149\" height=\"76\" \/><\/p>\n<\/div><!-- .lae-carousel-item -->\n        \n            \n            \n<div class=\"lae-carousel-item\">\n\n    <p><a href=\"https:\/\/gouttesdelaterre.ch\/\"><img loading=\"lazy\" decoding=\"async\" class=\"alignnone size-full wp-image-1217\" src=\"https:\/\/dog-motivation.ch\/wp-content\/uploads\/2021\/09\/gouttes-de-la-terre-logo-email-woocommerce.png\" alt=\"\" width=\"300\" height=\"130\" \/><\/a><\/p>\n<\/div><!-- .lae-carousel-item -->\n        \n            \n            \n<div class=\"lae-carousel-item\">\n\n    <p><a href=\"https:\/\/www.amicus.ch\/Account\/Login\"><img loading=\"lazy\" decoding=\"async\" class=\"alignnone size-medium wp-image-1221\" src=\"https:\/\/dog-motivation.ch\/wp-content\/uploads\/2021\/09\/AMICUS-300x100.png\" alt=\"\" width=\"300\" height=\"100\" srcset=\"https:\/\/dog-motivation.ch\/wp-content\/uploads\/2021\/09\/AMICUS-300x100.png 300w, https:\/\/dog-motivation.ch\/wp-content\/uploads\/2021\/09\/AMICUS.png 640w\" sizes=\"(max-width: 300px) 100vw, 300px\" \/><\/a><\/p>\n<\/div><!-- .lae-carousel-item -->\n        \n            \n            \n<div class=\"lae-carousel-item\">\n\n    <p><img loading=\"lazy\" decoding=\"async\" class=\"alignnone wp-image-2117 size-medium\" src=\"https:\/\/dog-motivation.ch\/wp-content\/uploads\/2024\/01\/Francois-duvoisin-300x171.jpg\" alt=\"\" width=\"300\" height=\"171\" srcset=\"https:\/\/dog-motivation.ch\/wp-content\/uploads\/2024\/01\/Francois-duvoisin-300x171.jpg 300w, https:\/\/dog-motivation.ch\/wp-content\/uploads\/2024\/01\/Francois-duvoisin.jpg 642w\" sizes=\"(max-width: 300px) 100vw, 300px\" \/><\/p>\n<\/div><!-- .lae-carousel-item -->\n        \n            \n            \n<div class=\"lae-carousel-item\">\n\n    <p><img loading=\"lazy\" decoding=\"async\" class=\"alignnone wp-image-2116 size-medium\" src=\"https:\/\/dog-motivation.ch\/wp-content\/uploads\/2024\/01\/Francois-duvoisin2-300x171.jpg\" alt=\"\" width=\"300\" height=\"171\" srcset=\"https:\/\/dog-motivation.ch\/wp-content\/uploads\/2024\/01\/Francois-duvoisin2-300x171.jpg 300w, https:\/\/dog-motivation.ch\/wp-content\/uploads\/2024\/01\/Francois-duvoisin2.jpg 642w\" sizes=\"(max-width: 300px) 100vw, 300px\" \/><\/p>\n<\/div><!-- .lae-carousel-item -->\n        \n    <\/div><!-- .lae-carousel -->\n\n\t\t\t\t<\/div>\n\t\t\t\t<\/div>\n\t\t\t\t\t<\/div>\n\t\t<\/div>\n\t\t\t\t\t<\/div>\n\t\t<\/section>\n\t\t\t\t<\/div>\n\t\t","protected":false},"excerpt":{"rendered":"<p>Motivation La motivation derri\u00e8re dog-motivation En Suisse, vivent environ 500\u2019000 chiens. La plupart sont des chiens de famille et d\u2019accompagnement. Ils remplissent leurs devoirs de guide, protecteur et avant tout d\u2019ami fid\u00e8le de l\u2019homme. La raison en comparaison avec d\u2019autres animaux, le chien a un grand r\u00e9pertoire de types de comportements avec lesquels il peut [&hellip;]<\/p>\n","protected":false},"author":1,"featured_media":0,"parent":0,"menu_order":0,"comment_status":"closed","ping_status":"closed","template":"elementor_header_footer","meta":{"ocean_post_layout":"","ocean_both_sidebars_style":"","ocean_both_sidebars_content_width":0,"ocean_both_sidebars_sidebars_width":0,"ocean_sidebar":"0","ocean_second_sidebar":"0","ocean_disable_margins":"enable","ocean_add_body_class":"","ocean_shortcode_before_top_bar":"","ocean_shortcode_after_top_bar":"","ocean_shortcode_before_header":"","ocean_shortcode_after_header":"","ocean_has_shortcode":"","ocean_shortcode_after_title":"","ocean_shortcode_before_footer_widgets":"","ocean_shortcode_after_footer_widgets":"","ocean_shortcode_before_footer_bottom":"","ocean_shortcode_after_footer_bottom":"","ocean_display_top_bar":"default","ocean_display_header":"default","ocean_header_style":"","ocean_center_header_left_menu":"0","ocean_custom_header_template":"0","ocean_custom_logo":0,"ocean_custom_retina_logo":0,"ocean_custom_logo_max_width":0,"ocean_custom_logo_tablet_max_width":0,"ocean_custom_logo_mobile_max_width":0,"ocean_custom_logo_max_height":0,"ocean_custom_logo_tablet_max_height":0,"ocean_custom_logo_mobile_max_height":0,"ocean_header_custom_menu":"0","ocean_menu_typo_font_family":"0","ocean_menu_typo_font_subset":"","ocean_menu_typo_font_size":0,"ocean_menu_typo_font_size_tablet":0,"ocean_menu_typo_font_size_mobile":0,"ocean_menu_typo_font_size_unit":"px","ocean_menu_typo_font_weight":"","ocean_menu_typo_font_weight_tablet":"","ocean_menu_typo_font_weight_mobile":"","ocean_menu_typo_transform":"","ocean_menu_typo_transform_tablet":"","ocean_menu_typo_transform_mobile":"","ocean_menu_typo_line_height":0,"ocean_menu_typo_line_height_tablet":0,"ocean_menu_typo_line_height_mobile":0,"ocean_menu_typo_line_height_unit":"","ocean_menu_typo_spacing":0,"ocean_menu_typo_spacing_tablet":0,"ocean_menu_typo_spacing_mobile":0,"ocean_menu_typo_spacing_unit":"","ocean_menu_link_color":"","ocean_menu_link_color_hover":"","ocean_menu_link_color_active":"","ocean_menu_link_background":"","ocean_menu_link_hover_background":"","ocean_menu_link_active_background":"","ocean_menu_social_links_bg":"","ocean_menu_social_hover_links_bg":"","ocean_menu_social_links_color":"","ocean_menu_social_hover_links_color":"","ocean_disable_title":"on","ocean_disable_heading":"default","ocean_post_title":"","ocean_post_subheading":"","ocean_post_title_style":"","ocean_post_title_background_color":"","ocean_post_title_background":0,"ocean_post_title_bg_image_position":"","ocean_post_title_bg_image_attachment":"","ocean_post_title_bg_image_repeat":"","ocean_post_title_bg_image_size":"","ocean_post_title_height":0,"ocean_post_title_bg_overlay":0.5,"ocean_post_title_bg_overlay_color":"","ocean_disable_breadcrumbs":"default","ocean_breadcrumbs_color":"","ocean_breadcrumbs_separator_color":"","ocean_breadcrumbs_links_color":"","ocean_breadcrumbs_links_hover_color":"","ocean_display_footer_widgets":"default","ocean_display_footer_bottom":"default","ocean_custom_footer_template":"0","footnotes":""},"class_list":["post-65","page","type-page","status-publish","hentry","entry"],"_links":{"self":[{"href":"https:\/\/dog-motivation.ch\/index.php?rest_route=\/wp\/v2\/pages\/65","targetHints":{"allow":["GET"]}}],"collection":[{"href":"https:\/\/dog-motivation.ch\/index.php?rest_route=\/wp\/v2\/pages"}],"about":[{"href":"https:\/\/dog-motivation.ch\/index.php?rest_route=\/wp\/v2\/types\/page"}],"author":[{"embeddable":true,"href":"https:\/\/dog-motivation.ch\/index.php?rest_route=\/wp\/v2\/users\/1"}],"replies":[{"embeddable":true,"href":"https:\/\/dog-motivation.ch\/index.php?rest_route=%2Fwp%2Fv2%2Fcomments&post=65"}],"version-history":[{"count":34,"href":"https:\/\/dog-motivation.ch\/index.php?rest_route=\/wp\/v2\/pages\/65\/revisions"}],"predecessor-version":[{"id":2242,"href":"https:\/\/dog-motivation.ch\/index.php?rest_route=\/wp\/v2\/pages\/65\/revisions\/2242"}],"wp:attachment":[{"href":"https:\/\/dog-motivation.ch\/index.php?rest_route=%2Fwp%2Fv2%2Fmedia&parent=65"}],"curies":[{"name":"wp","href":"https:\/\/api.w.org\/{rel}","templated":true}]}}